{"id":15900,"date":"2018-04-05T11:44:46","date_gmt":"2018-04-05T08:44:46","guid":{"rendered":"http:\/\/www.tsyd.org.tr\/wp\/?page_id=15900"},"modified":"2020-11-30T10:30:12","modified_gmt":"2020-11-30T07:30:12","slug":"tesisler-eskisehir","status":"publish","type":"page","link":"https:\/\/www.tsyd.org.tr\/wp\/?page_id=15900","title":{"rendered":"TSYD ESK\u0130\u015eEH\u0130R \u015eUBES\u0130"},"content":{"rendered":"<p><a href=\"http:\/\/www.tsyd.org.tr\/wp\/wp-content\/uploads\/2018\/04\/DSC_0294.jpg\"><img loading=\"lazy\" decoding=\"async\" class=\"alignnone size-large wp-image-15930\" src=\"http:\/\/www.tsyd.org.tr\/wp\/wp-content\/uploads\/2018\/04\/DSC_0294-1024x678.jpg\" alt=\"\" width=\"640\" height=\"424\" srcset=\"https:\/\/www.tsyd.org.tr\/wp\/wp-content\/uploads\/2018\/04\/DSC_0294-1024x678.jpg 1024w, https:\/\/www.tsyd.org.tr\/wp\/wp-content\/uploads\/2018\/04\/DSC_0294-300x199.jpg 300w, https:\/\/www.tsyd.org.tr\/wp\/wp-content\/uploads\/2018\/04\/DSC_0294-768x509.jpg 768w, https:\/\/www.tsyd.org.tr\/wp\/wp-content\/uploads\/2018\/04\/DSC_0294-634x420.jpg 634w, https:\/\/www.tsyd.org.tr\/wp\/wp-content\/uploads\/2018\/04\/DSC_0294-640x424.jpg 640w, https:\/\/www.tsyd.org.tr\/wp\/wp-content\/uploads\/2018\/04\/DSC_0294-681x451.jpg 681w\" sizes=\"auto, (max-width: 640px) 100vw, 640px\" \/><\/a><\/p>\n<p><a href=\"http:\/\/www.tsyd.org.tr\/wp\/wp-content\/uploads\/2018\/04\/DSC_0292.jpg\"><img loading=\"lazy\" decoding=\"async\" class=\"alignnone size-large wp-image-15929\" src=\"http:\/\/www.tsyd.org.tr\/wp\/wp-content\/uploads\/2018\/04\/DSC_0292-1024x678.jpg\" alt=\"\" width=\"640\" height=\"424\" srcset=\"https:\/\/www.tsyd.org.tr\/wp\/wp-content\/uploads\/2018\/04\/DSC_0292-1024x678.jpg 1024w, https:\/\/www.tsyd.org.tr\/wp\/wp-content\/uploads\/2018\/04\/DSC_0292-300x199.jpg 300w, https:\/\/www.tsyd.org.tr\/wp\/wp-content\/uploads\/2018\/04\/DSC_0292-768x509.jpg 768w, https:\/\/www.tsyd.org.tr\/wp\/wp-content\/uploads\/2018\/04\/DSC_0292-634x420.jpg 634w, https:\/\/www.tsyd.org.tr\/wp\/wp-content\/uploads\/2018\/04\/DSC_0292-640x424.jpg 640w, https:\/\/www.tsyd.org.tr\/wp\/wp-content\/uploads\/2018\/04\/DSC_0292-681x451.jpg 681w\" sizes=\"auto, (max-width: 640px) 100vw, 640px\" \/><\/a><\/p>\n<p><a href=\"http:\/\/www.tsyd.org.tr\/wp\/wp-content\/uploads\/2018\/04\/DSC_0277.jpg\"><img loading=\"lazy\" decoding=\"async\" class=\"alignnone size-large wp-image-15925\" src=\"http:\/\/www.tsyd.org.tr\/wp\/wp-content\/uploads\/2018\/04\/DSC_0277-1024x678.jpg\" alt=\"\" width=\"640\" height=\"424\" srcset=\"https:\/\/www.tsyd.org.tr\/wp\/wp-content\/uploads\/2018\/04\/DSC_0277-1024x678.jpg 1024w, https:\/\/www.tsyd.org.tr\/wp\/wp-content\/uploads\/2018\/04\/DSC_0277-300x199.jpg 300w, https:\/\/www.tsyd.org.tr\/wp\/wp-content\/uploads\/2018\/04\/DSC_0277-768x509.jpg 768w, https:\/\/www.tsyd.org.tr\/wp\/wp-content\/uploads\/2018\/04\/DSC_0277-634x420.jpg 634w, https:\/\/www.tsyd.org.tr\/wp\/wp-content\/uploads\/2018\/04\/DSC_0277-640x424.jpg 640w, https:\/\/www.tsyd.org.tr\/wp\/wp-content\/uploads\/2018\/04\/DSC_0277-681x451.jpg 681w\" sizes=\"auto, (max-width: 640px) 100vw, 640px\" \/><\/a><a href=\"http:\/\/www.tsyd.org.tr\/wp\/wp-content\/uploads\/2018\/04\/DSC_0280.jpg\"><img loading=\"lazy\" decoding=\"async\" class=\"alignnone size-large wp-image-15926\" src=\"http:\/\/www.tsyd.org.tr\/wp\/wp-content\/uploads\/2018\/04\/DSC_0280-1024x678.jpg\" alt=\"\" width=\"640\" height=\"424\" srcset=\"https:\/\/www.tsyd.org.tr\/wp\/wp-content\/uploads\/2018\/04\/DSC_0280-1024x678.jpg 1024w, https:\/\/www.tsyd.org.tr\/wp\/wp-content\/uploads\/2018\/04\/DSC_0280-300x199.jpg 300w, https:\/\/www.tsyd.org.tr\/wp\/wp-content\/uploads\/2018\/04\/DSC_0280-768x509.jpg 768w, https:\/\/www.tsyd.org.tr\/wp\/wp-content\/uploads\/2018\/04\/DSC_0280-634x420.jpg 634w, https:\/\/www.tsyd.org.tr\/wp\/wp-content\/uploads\/2018\/04\/DSC_0280-640x424.jpg 640w, https:\/\/www.tsyd.org.tr\/wp\/wp-content\/uploads\/2018\/04\/DSC_0280-681x451.jpg 681w\" sizes=\"auto, (max-width: 640px) 100vw, 640px\" \/><\/a><a href=\"http:\/\/www.tsyd.org.tr\/wp\/wp-content\/uploads\/2018\/04\/DSC_0283.jpg\"><img loading=\"lazy\" decoding=\"async\" class=\"alignnone size-large wp-image-15927\" src=\"http:\/\/www.tsyd.org.tr\/wp\/wp-content\/uploads\/2018\/04\/DSC_0283-1024x678.jpg\" alt=\"\" width=\"640\" height=\"424\" srcset=\"https:\/\/www.tsyd.org.tr\/wp\/wp-content\/uploads\/2018\/04\/DSC_0283-1024x678.jpg 1024w, https:\/\/www.tsyd.org.tr\/wp\/wp-content\/uploads\/2018\/04\/DSC_0283-300x199.jpg 300w, https:\/\/www.tsyd.org.tr\/wp\/wp-content\/uploads\/2018\/04\/DSC_0283-768x509.jpg 768w, https:\/\/www.tsyd.org.tr\/wp\/wp-content\/uploads\/2018\/04\/DSC_0283-634x420.jpg 634w, https:\/\/www.tsyd.org.tr\/wp\/wp-content\/uploads\/2018\/04\/DSC_0283-640x424.jpg 640w, https:\/\/www.tsyd.org.tr\/wp\/wp-content\/uploads\/2018\/04\/DSC_0283-681x451.jpg 681w\" sizes=\"auto, (max-width: 640px) 100vw, 640px\" \/><\/a><a href=\"http:\/\/www.tsyd.org.tr\/wp\/wp-content\/uploads\/2018\/04\/DSC_0285.jpg\"><img loading=\"lazy\" decoding=\"async\" class=\"alignnone size-large wp-image-15928\" src=\"http:\/\/www.tsyd.org.tr\/wp\/wp-content\/uploads\/2018\/04\/DSC_0285-678x1024.jpg\" alt=\"\" width=\"640\" height=\"967\" srcset=\"https:\/\/www.tsyd.org.tr\/wp\/wp-content\/uploads\/2018\/04\/DSC_0285-678x1024.jpg 678w, https:\/\/www.tsyd.org.tr\/wp\/wp-content\/uploads\/2018\/04\/DSC_0285-199x300.jpg 199w, https:\/\/www.tsyd.org.tr\/wp\/wp-content\/uploads\/2018\/04\/DSC_0285-768x1160.jpg 768w, https:\/\/www.tsyd.org.tr\/wp\/wp-content\/uploads\/2018\/04\/DSC_0285-278x420.jpg 278w, https:\/\/www.tsyd.org.tr\/wp\/wp-content\/uploads\/2018\/04\/DSC_0285-640x966.jpg 640w, https:\/\/www.tsyd.org.tr\/wp\/wp-content\/uploads\/2018\/04\/DSC_0285-681x1028.jpg 681w\" sizes=\"auto, (max-width: 640px) 100vw, 640px\" \/><\/a><\/p>\n","protected":false},"excerpt":{"rendered":"","protected":false},"author":1,"featured_media":0,"parent":8657,"menu_order":0,"comment_status":"closed","ping_status":"closed","template":"","meta":{"footnotes":""},"class_list":["post-15900","page","type-page","status-publish","hentry"],"acf":[],"_links":{"self":[{"href":"https:\/\/www.tsyd.org.tr\/wp\/index.php?rest_route=\/wp\/v2\/pages\/15900","targetHints":{"allow":["GET"]}}],"collection":[{"href":"https:\/\/www.tsyd.org.tr\/wp\/index.php?rest_route=\/wp\/v2\/pages"}],"about":[{"href":"https:\/\/www.tsyd.org.tr\/wp\/index.php?rest_route=\/wp\/v2\/types\/page"}],"author":[{"embeddable":true,"href":"https:\/\/www.tsyd.org.tr\/wp\/index.php?rest_route=\/wp\/v2\/users\/1"}],"replies":[{"embeddable":true,"href":"https:\/\/www.tsyd.org.tr\/wp\/index.php?rest_route=%2Fwp%2Fv2%2Fcomments&post=15900"}],"version-history":[{"count":4,"href":"https:\/\/www.tsyd.org.tr\/wp\/index.php?rest_route=\/wp\/v2\/pages\/15900\/revisions"}],"predecessor-version":[{"id":19150,"href":"https:\/\/www.tsyd.org.tr\/wp\/index.php?rest_route=\/wp\/v2\/pages\/15900\/revisions\/19150"}],"up":[{"embeddable":true,"href":"https:\/\/www.tsyd.org.tr\/wp\/index.php?rest_route=\/wp\/v2\/pages\/8657"}],"wp:attachment":[{"href":"https:\/\/www.tsyd.org.tr\/wp\/index.php?rest_route=%2Fwp%2Fv2%2Fmedia&parent=15900"}],"curies":[{"name":"wp","href":"https:\/\/api.w.org\/{rel}","templated":true}]}}