{"id":7234,"date":"2013-05-19T21:40:20","date_gmt":"2013-05-19T18:40:20","guid":{"rendered":"http:\/\/www.tsyd.org.tr\/wp\/?page_id=7234"},"modified":"2022-10-26T13:11:41","modified_gmt":"2022-10-26T10:11:41","slug":"kurucular","status":"publish","type":"page","link":"https:\/\/www.tsyd.org.tr\/wp\/?page_id=7234","title":{"rendered":"KURUCULAR"},"content":{"rendered":"<p><a href=\"http:\/\/www.tsyd.org.tr\/wp\/wp-content\/uploads\/2013\/05\/kurucu_uyeleri.jpg\"><img decoding=\"async\" class=\"alignleft\" src=\"http:\/\/www.tsyd.org.tr\/wp\/wp-content\/uploads\/2013\/05\/kurucu_uyeleri.jpg\" alt=\"kurucu_uyeleri\" \/><\/a><\/p>\n<p>&nbsp;<\/p>\n<p>&nbsp;<\/p>\n<p>&nbsp;<\/p>\n<p>&nbsp;<\/p>\n<p>&nbsp;<\/p>\n<p>&nbsp;<\/p>\n<p>&nbsp;<\/p>\n<p>&nbsp;<\/p>\n<p>&nbsp;<\/p>\n<p>&nbsp;<\/p>\n<table style=\"height: 647px;\" width=\"388\">\n<tbody>\n<tr>\n<td width=\"263\"><strong>1- ADNAN AKIN (1913 &#8211; 1985)<\/strong><\/td>\n<\/tr>\n<tr>\n<td><strong>2- SAM\u0130M VAR (1925 &#8211; 1976)<\/strong><\/td>\n<\/tr>\n<tr>\n<td><strong>3- NAMIK SEV\u0130K (1926 &#8211; 1986)<\/strong><\/td>\n<\/tr>\n<tr>\n<td><strong>4- AYDIN BAKANO\u011eLU (1918 &#8211; 1998)<\/strong><\/td>\n<\/tr>\n<tr>\n<td><strong>5- HALUK SAN (1912 &#8211; 1995)<\/strong><\/td>\n<\/tr>\n<tr>\n<td><strong>6- NEZ\u0130H DEM\u0130RKENT (1930 &#8211; 2001)<\/strong><\/td>\n<\/tr>\n<tr>\n<td><strong>7- NECM\u0130 TANYOLA\u00c7 (1928 &#8211; 2013)<\/strong><\/td>\n<\/tr>\n<tr>\n<td><strong>8- RIDVAN YELEK\u00c7\u0130 (1934 &#8211; 2000)<\/strong><\/td>\n<\/tr>\n<tr>\n<td><strong>9- \u0130HSAN B\u0130R\u0130C\u0130K (1930 &#8211; 1991)<\/strong><\/td>\n<\/tr>\n<tr>\n<td><strong>10- FERRUH \u0130LK\u00dcNSAL (1923 &#8211; 1992)<\/strong><\/td>\n<\/tr>\n<tr>\n<td><strong>11- KAHRAMAN BAP\u00c7UM (1924 &#8211; 2018 )<\/strong><\/td>\n<\/tr>\n<tr>\n<td><strong>12- NECAT\u0130 B\u0130LG\u0130\u00c7 (1928 &#8211; 2015)<\/strong><\/td>\n<\/tr>\n<tr>\n<td><strong>13- ORHAN VEDAT SEV\u0130N\u00c7L\u0130 (1922 &#8211; 1992)<\/strong><\/td>\n<\/tr>\n<tr>\n<td><strong>14- TEVF\u0130K \u00dcNS\u0130 ARKUN (1933 &#8211; 2004)<\/strong><\/td>\n<\/tr>\n<tr>\n<td><strong>15- SAC\u0130T DEM\u0130RCAN (1928 &#8211; 2016)<\/strong><\/td>\n<\/tr>\n<tr>\n<td><strong>16- NECAT\u0130 KARAKAYA (1928 &#8211; 2019)<\/strong><\/td>\n<\/tr>\n<tr>\n<td><strong>17- YAL\u00c7IN TOKER (1937 &#8211;\u00a0 \u00a0)<\/strong><\/td>\n<\/tr>\n<tr>\n<td><strong>18- AL\u0130 HENDEK\u00c7\u0130 (1924 &#8211; 1979)<\/strong><\/td>\n<\/tr>\n<tr>\n<td><strong>19- BURHAN FELEK (1905 &#8211; 1982)<\/strong><\/td>\n<\/tr>\n<tr>\n<td><strong>20- TARIK B\u0130LG\u0130N (1912 &#8211; 1976)<\/strong><\/td>\n<\/tr>\n<tr>\n<td><strong>21-HAL\u0130T KIVAN\u00c7 (1925 &#8211; 2022)<\/strong><\/td>\n<\/tr>\n<\/tbody>\n<\/table>\n<p>&nbsp;<\/p>\n","protected":false},"excerpt":{"rendered":"<p>&nbsp; &nbsp; &nbsp; &nbsp; &nbsp; &nbsp; &nbsp; &nbsp; &nbsp; &nbsp; 1- ADNAN AKIN (1913 &#8211; 1985) 2- SAM\u0130M VAR (1925 &#8211; 1976) 3- NAMIK SEV\u0130K (1926 &#8211; 1986) 4- AYDIN BAKANO\u011eLU (1918 &#8211; 1998) 5- HALUK SAN (1912 &#8211; 1995) 6- NEZ\u0130H DEM\u0130RKENT (1930 &#8211; 2001) 7- NECM\u0130 TANYOLA\u00c7 (1928 &#8211; 2013) 8- RIDVAN YELEK\u00c7\u0130 [&hellip;]<\/p>\n","protected":false},"author":1,"featured_media":0,"parent":0,"menu_order":0,"comment_status":"closed","ping_status":"closed","template":"","meta":{"footnotes":""},"class_list":["post-7234","page","type-page","status-publish","hentry"],"acf":[],"_links":{"self":[{"href":"https:\/\/www.tsyd.org.tr\/wp\/index.php?rest_route=\/wp\/v2\/pages\/7234","targetHints":{"allow":["GET"]}}],"collection":[{"href":"https:\/\/www.tsyd.org.tr\/wp\/index.php?rest_route=\/wp\/v2\/pages"}],"about":[{"href":"https:\/\/www.tsyd.org.tr\/wp\/index.php?rest_route=\/wp\/v2\/types\/page"}],"author":[{"embeddable":true,"href":"https:\/\/www.tsyd.org.tr\/wp\/index.php?rest_route=\/wp\/v2\/users\/1"}],"replies":[{"embeddable":true,"href":"https:\/\/www.tsyd.org.tr\/wp\/index.php?rest_route=%2Fwp%2Fv2%2Fcomments&post=7234"}],"version-history":[{"count":12,"href":"https:\/\/www.tsyd.org.tr\/wp\/index.php?rest_route=\/wp\/v2\/pages\/7234\/revisions"}],"predecessor-version":[{"id":22126,"href":"https:\/\/www.tsyd.org.tr\/wp\/index.php?rest_route=\/wp\/v2\/pages\/7234\/revisions\/22126"}],"wp:attachment":[{"href":"https:\/\/www.tsyd.org.tr\/wp\/index.php?rest_route=%2Fwp%2Fv2%2Fmedia&parent=7234"}],"curies":[{"name":"wp","href":"https:\/\/api.w.org\/{rel}","templated":true}]}}