{"id":7723,"date":"2016-05-19T22:32:18","date_gmt":"2016-05-19T19:32:18","guid":{"rendered":"http:\/\/www.tsyd.org.tr\/wp\/?page_id=7723"},"modified":"2025-01-21T09:57:09","modified_gmt":"2025-01-21T06:57:09","slug":"yonetim-kurulu","status":"publish","type":"page","link":"https:\/\/www.tsyd.org.tr\/wp\/?page_id=7723","title":{"rendered":"Y\u00d6NET\u0130M KURULU"},"content":{"rendered":"<p><strong><a href=\"http:\/\/www.tsyd.org.tr\/wp\/wp-content\/uploads\/2013\/05\/ynHGFHGetimkurulu2.jpg\"><img loading=\"lazy\" decoding=\"async\" class=\"alignnone wp-image-13430\" src=\"http:\/\/www.tsyd.org.tr\/wp\/wp-content\/uploads\/2013\/05\/ynHGFHGetimkurulu2.jpg\" alt=\"ynHGFHGetimkurulu2\" width=\"339\" height=\"254\" srcset=\"https:\/\/www.tsyd.org.tr\/wp\/wp-content\/uploads\/2013\/05\/ynHGFHGetimkurulu2.jpg 480w, https:\/\/www.tsyd.org.tr\/wp\/wp-content\/uploads\/2013\/05\/ynHGFHGetimkurulu2-300x225.jpg 300w\" sizes=\"auto, (max-width: 339px) 100vw, 339px\" \/><\/a><\/strong><\/p>\n<table width=\"459\">\n<tbody>\n<tr>\n<td width=\"216\"><strong>Genel Ba\u015fkan<\/strong><\/td>\n<td width=\"243\">\u00dcNAL KILI\u00c7ARSLAN<\/td>\n<\/tr>\n<tr>\n<td width=\"216\"><strong>Asba\u015fkan<\/strong><\/td>\n<td width=\"243\">NUR\u0130 AL\u0130 \u0130MRE<\/td>\n<\/tr>\n<tr>\n<td width=\"216\"><strong>Asba\u015fkan<\/strong><\/td>\n<td width=\"243\">RECEP \u00c7INAR<\/td>\n<\/tr>\n<tr>\n<td width=\"216\"><strong>Asba\u015fkan<\/strong><\/td>\n<td width=\"243\">MURAT TA\u015eKIN<\/td>\n<\/tr>\n<tr>\n<td width=\"216\"><strong>Genel Sekreter<\/strong><\/td>\n<td width=\"243\">AHMET F\u0130SUNO\u011eLU<\/td>\n<\/tr>\n<tr>\n<td width=\"216\"><strong>Mali \u0130\u015fler Sorumlusu<\/strong><\/td>\n<td width=\"243\">BAHR\u0130 HAVADIR<\/td>\n<\/tr>\n<tr>\n<td width=\"216\"><strong>Akreditasyon Sorumlusu<\/strong><\/td>\n<td width=\"243\">H\u0130LM\u0130 T\u00dcRKAY<\/td>\n<\/tr>\n<tr>\n<td width=\"216\"><b>D\u0131\u015f \u0130li\u015fkiler Sorumlusu<\/b><\/td>\n<td width=\"243\">B\u00dcLENT KARADA\u015e<\/td>\n<\/tr>\n<tr>\n<td width=\"216\"><strong>\u015eubeler Sorumlusu<\/strong><\/td>\n<td width=\"243\">KEMAL \u00c7A\u011eLAYAN<\/td>\n<\/tr>\n<tr>\n<td width=\"216\"><strong>Y\u00f6netim Kurulu \u00dcyesi<\/strong><\/td>\n<td width=\"243\">\u0130LHAN \u00d6ZTAT<\/td>\n<\/tr>\n<tr>\n<td width=\"216\"><strong>Y\u00f6netim Kurulu \u00dcyesi<\/strong><\/td>\n<td width=\"243\">EM\u0130N DEM\u0130R<\/td>\n<\/tr>\n<tr>\n<td width=\"216\"><strong>Y\u00f6netim Kurulu \u00dcyesi<\/strong><\/td>\n<td width=\"243\">RAFET TOPCU<\/td>\n<\/tr>\n<tr>\n<td width=\"216\"><strong>Y\u00f6netim Kurulu \u00dcyesi<\/strong><\/td>\n<td width=\"243\">AYG\u00dcN \u00d6Z\u0130PEK<\/td>\n<\/tr>\n<tr>\n<td width=\"216\"><strong>Y\u00f6netim Kurulu \u00dcyesi<\/strong><\/td>\n<td width=\"243\">ADNAN POYRAZ<\/td>\n<\/tr>\n<tr>\n<td width=\"216\"><strong>Y\u00f6netim Kurulu \u00dcyesi<\/strong><\/td>\n<td width=\"243\">MUSTAFA KARAG\u00d6L<\/td>\n<\/tr>\n<\/tbody>\n<\/table>\n<p>&nbsp;<\/p>\n<table width=\"459\">\n<tbody>\n<tr>\n<td width=\"216\"><strong>Denetleme Kurulu<\/strong><\/td>\n<td width=\"243\">YUSUF DURSUN<\/td>\n<\/tr>\n<tr>\n<td width=\"216\"><strong>Denetleme Kurulu<\/strong><\/td>\n<td width=\"243\">G\u00d6KHAN AKENG\u0130N<\/td>\n<\/tr>\n<tr>\n<td width=\"216\"><strong>Denetleme Kurulu<\/strong><\/td>\n<td width=\"243\"> <\/td>\n<\/tr>\n<\/tbody>\n<\/table>\n<p>&nbsp;<\/p>\n<table width=\"459\">\n<tbody>\n<tr>\n<td width=\"216\"><strong>Disiplin Kurulu<\/strong><\/td>\n<td width=\"243\">YA\u015eAR SAYGI<\/td>\n<\/tr>\n<tr>\n<td width=\"216\"><strong>Disiplin Kurulu<\/strong><\/td>\n<td width=\"243\">SUAV\u0130 YARDIMO\u011eLU<\/td>\n<\/tr>\n<tr>\n<td width=\"216\"><strong>Disiplin Kurulu<\/strong><\/td>\n<td width=\"243\">TUN\u00c7 KAYACI<\/td>\n<\/tr>\n<tr>\n<td width=\"216\"><strong>Disiplin Kurulu<\/strong><\/td>\n<td width=\"243\">AHMET GEVEN<\/td>\n<\/tr>\n<tr>\n<td width=\"216\"><strong>Disiplin Kurulu<\/strong><\/td>\n<td width=\"243\">OSMAN \u00c7AVU\u015eO\u011eLU<\/td>\n<\/tr>\n<\/tbody>\n<\/table>\n","protected":false},"excerpt":{"rendered":"<p>Genel Ba\u015fkan \u00dcNAL KILI\u00c7ARSLAN Asba\u015fkan NUR\u0130 AL\u0130 \u0130MRE Asba\u015fkan RECEP \u00c7INAR Asba\u015fkan MURAT TA\u015eKIN Genel Sekreter AHMET F\u0130SUNO\u011eLU Mali \u0130\u015fler Sorumlusu BAHR\u0130 HAVADIR Akreditasyon Sorumlusu H\u0130LM\u0130 T\u00dcRKAY D\u0131\u015f \u0130li\u015fkiler Sorumlusu B\u00dcLENT KARADA\u015e \u015eubeler Sorumlusu KEMAL \u00c7A\u011eLAYAN Y\u00f6netim Kurulu \u00dcyesi \u0130LHAN \u00d6ZTAT Y\u00f6netim Kurulu \u00dcyesi EM\u0130N DEM\u0130R Y\u00f6netim Kurulu \u00dcyesi RAFET TOPCU Y\u00f6netim Kurulu \u00dcyesi AYG\u00dcN [&hellip;]<\/p>\n","protected":false},"author":1,"featured_media":0,"parent":0,"menu_order":0,"comment_status":"closed","ping_status":"closed","template":"","meta":{"footnotes":""},"class_list":["post-7723","page","type-page","status-publish","hentry"],"acf":[],"_links":{"self":[{"href":"https:\/\/www.tsyd.org.tr\/wp\/index.php?rest_route=\/wp\/v2\/pages\/7723","targetHints":{"allow":["GET"]}}],"collection":[{"href":"https:\/\/www.tsyd.org.tr\/wp\/index.php?rest_route=\/wp\/v2\/pages"}],"about":[{"href":"https:\/\/www.tsyd.org.tr\/wp\/index.php?rest_route=\/wp\/v2\/types\/page"}],"author":[{"embeddable":true,"href":"https:\/\/www.tsyd.org.tr\/wp\/index.php?rest_route=\/wp\/v2\/users\/1"}],"replies":[{"embeddable":true,"href":"https:\/\/www.tsyd.org.tr\/wp\/index.php?rest_route=%2Fwp%2Fv2%2Fcomments&post=7723"}],"version-history":[{"count":34,"href":"https:\/\/www.tsyd.org.tr\/wp\/index.php?rest_route=\/wp\/v2\/pages\/7723\/revisions"}],"predecessor-version":[{"id":23934,"href":"https:\/\/www.tsyd.org.tr\/wp\/index.php?rest_route=\/wp\/v2\/pages\/7723\/revisions\/23934"}],"wp:attachment":[{"href":"https:\/\/www.tsyd.org.tr\/wp\/index.php?rest_route=%2Fwp%2Fv2%2Fmedia&parent=7723"}],"curies":[{"name":"wp","href":"https:\/\/api.w.org\/{rel}","templated":true}]}}