{"id":8692,"date":"2013-05-20T01:17:02","date_gmt":"2013-05-19T22:17:02","guid":{"rendered":"http:\/\/www.tsyd.org.tr\/wp\/?page_id=8692"},"modified":"2023-03-06T17:41:42","modified_gmt":"2023-03-06T14:41:42","slug":"tesisler-izmir","status":"publish","type":"page","link":"https:\/\/www.tsyd.org.tr\/wp\/?page_id=8692","title":{"rendered":"TSYD \u0130ZM\u0130R \u015eUBES\u0130"},"content":{"rendered":"<p><a href=\"https:\/\/www.tsyd.org.tr\/wp\/wp-content\/uploads\/2022\/06\/TSYD-Izmir.jpg\"><img loading=\"lazy\" decoding=\"async\" class=\"alignnone size-full wp-image-21758\" src=\"https:\/\/www.tsyd.org.tr\/wp\/wp-content\/uploads\/2022\/06\/TSYD-Izmir.jpg\" alt=\"\" width=\"1019\" height=\"574\" srcset=\"https:\/\/www.tsyd.org.tr\/wp\/wp-content\/uploads\/2022\/06\/TSYD-Izmir.jpg 1019w, https:\/\/www.tsyd.org.tr\/wp\/wp-content\/uploads\/2022\/06\/TSYD-Izmir-300x169.jpg 300w, https:\/\/www.tsyd.org.tr\/wp\/wp-content\/uploads\/2022\/06\/TSYD-Izmir-768x433.jpg 768w, https:\/\/www.tsyd.org.tr\/wp\/wp-content\/uploads\/2022\/06\/TSYD-Izmir-746x420.jpg 746w, https:\/\/www.tsyd.org.tr\/wp\/wp-content\/uploads\/2022\/06\/TSYD-Izmir-640x361.jpg 640w, https:\/\/www.tsyd.org.tr\/wp\/wp-content\/uploads\/2022\/06\/TSYD-Izmir-681x384.jpg 681w\" sizes=\"auto, (max-width: 1019px) 100vw, 1019px\" \/><\/a><\/p>\n<p><a href=\"https:\/\/www.tsyd.org.tr\/wp\/wp-content\/uploads\/2022\/06\/TSYD-Izmir-1.jpg\"><img loading=\"lazy\" decoding=\"async\" class=\"alignnone size-full wp-image-21759\" src=\"https:\/\/www.tsyd.org.tr\/wp\/wp-content\/uploads\/2022\/06\/TSYD-Izmir-1.jpg\" alt=\"\" width=\"1020\" height=\"573\" srcset=\"https:\/\/www.tsyd.org.tr\/wp\/wp-content\/uploads\/2022\/06\/TSYD-Izmir-1.jpg 1020w, https:\/\/www.tsyd.org.tr\/wp\/wp-content\/uploads\/2022\/06\/TSYD-Izmir-1-300x169.jpg 300w, https:\/\/www.tsyd.org.tr\/wp\/wp-content\/uploads\/2022\/06\/TSYD-Izmir-1-768x431.jpg 768w, https:\/\/www.tsyd.org.tr\/wp\/wp-content\/uploads\/2022\/06\/TSYD-Izmir-1-748x420.jpg 748w, https:\/\/www.tsyd.org.tr\/wp\/wp-content\/uploads\/2022\/06\/TSYD-Izmir-1-640x360.jpg 640w, https:\/\/www.tsyd.org.tr\/wp\/wp-content\/uploads\/2022\/06\/TSYD-Izmir-1-681x383.jpg 681w\" sizes=\"auto, (max-width: 1020px) 100vw, 1020px\" \/><\/a><a href=\"https:\/\/www.tsyd.org.tr\/wp\/wp-content\/uploads\/2022\/06\/TSYD-Izmir-2.jpg\"><img loading=\"lazy\" decoding=\"async\" class=\"alignnone size-large wp-image-21760\" src=\"https:\/\/www.tsyd.org.tr\/wp\/wp-content\/uploads\/2022\/06\/TSYD-Izmir-2-1024x681.jpg\" alt=\"\" width=\"640\" height=\"426\" srcset=\"https:\/\/www.tsyd.org.tr\/wp\/wp-content\/uploads\/2022\/06\/TSYD-Izmir-2-1024x681.jpg 1024w, https:\/\/www.tsyd.org.tr\/wp\/wp-content\/uploads\/2022\/06\/TSYD-Izmir-2-300x200.jpg 300w, https:\/\/www.tsyd.org.tr\/wp\/wp-content\/uploads\/2022\/06\/TSYD-Izmir-2-768x511.jpg 768w, https:\/\/www.tsyd.org.tr\/wp\/wp-content\/uploads\/2022\/06\/TSYD-Izmir-2-631x420.jpg 631w, https:\/\/www.tsyd.org.tr\/wp\/wp-content\/uploads\/2022\/06\/TSYD-Izmir-2-640x426.jpg 640w, https:\/\/www.tsyd.org.tr\/wp\/wp-content\/uploads\/2022\/06\/TSYD-Izmir-2-681x453.jpg 681w, https:\/\/www.tsyd.org.tr\/wp\/wp-content\/uploads\/2022\/06\/TSYD-Izmir-2.jpg 1384w\" sizes=\"auto, (max-width: 640px) 100vw, 640px\" \/><\/a><\/p>\n<p><a href=\"https:\/\/www.tsyd.org.tr\/wp\/wp-content\/uploads\/2022\/06\/0506tsyd07-scaled.jpg\"><img loading=\"lazy\" decoding=\"async\" class=\"alignnone size-large wp-image-21682\" src=\"https:\/\/www.tsyd.org.tr\/wp\/wp-content\/uploads\/2022\/06\/0506tsyd07-1024x683.jpg\" alt=\"\" width=\"640\" height=\"427\" srcset=\"https:\/\/www.tsyd.org.tr\/wp\/wp-content\/uploads\/2022\/06\/0506tsyd07-1024x683.jpg 1024w, https:\/\/www.tsyd.org.tr\/wp\/wp-content\/uploads\/2022\/06\/0506tsyd07-300x200.jpg 300w, https:\/\/www.tsyd.org.tr\/wp\/wp-content\/uploads\/2022\/06\/0506tsyd07-768x513.jpg 768w, https:\/\/www.tsyd.org.tr\/wp\/wp-content\/uploads\/2022\/06\/0506tsyd07-1536x1025.jpg 1536w, https:\/\/www.tsyd.org.tr\/wp\/wp-content\/uploads\/2022\/06\/0506tsyd07-2048x1367.jpg 2048w, https:\/\/www.tsyd.org.tr\/wp\/wp-content\/uploads\/2022\/06\/0506tsyd07-629x420.jpg 629w, https:\/\/www.tsyd.org.tr\/wp\/wp-content\/uploads\/2022\/06\/0506tsyd07-640x427.jpg 640w, https:\/\/www.tsyd.org.tr\/wp\/wp-content\/uploads\/2022\/06\/0506tsyd07-681x454.jpg 681w\" sizes=\"auto, (max-width: 640px) 100vw, 640px\" \/><\/a><\/p>\n<p><a href=\"https:\/\/www.tsyd.org.tr\/wp\/wp-content\/uploads\/2022\/05\/WhatsApp-Image-2022-05-24-at-13.02.30-1.jpeg\"><img loading=\"lazy\" decoding=\"async\" class=\"alignnone size-full wp-image-21635\" src=\"https:\/\/www.tsyd.org.tr\/wp\/wp-content\/uploads\/2022\/05\/WhatsApp-Image-2022-05-24-at-13.02.30-1.jpeg\" alt=\"\" width=\"939\" height=\"445\" srcset=\"https:\/\/www.tsyd.org.tr\/wp\/wp-content\/uploads\/2022\/05\/WhatsApp-Image-2022-05-24-at-13.02.30-1.jpeg 939w, https:\/\/www.tsyd.org.tr\/wp\/wp-content\/uploads\/2022\/05\/WhatsApp-Image-2022-05-24-at-13.02.30-1-300x142.jpeg 300w, https:\/\/www.tsyd.org.tr\/wp\/wp-content\/uploads\/2022\/05\/WhatsApp-Image-2022-05-24-at-13.02.30-1-768x364.jpeg 768w, https:\/\/www.tsyd.org.tr\/wp\/wp-content\/uploads\/2022\/05\/WhatsApp-Image-2022-05-24-at-13.02.30-1-886x420.jpeg 886w, https:\/\/www.tsyd.org.tr\/wp\/wp-content\/uploads\/2022\/05\/WhatsApp-Image-2022-05-24-at-13.02.30-1-640x303.jpeg 640w, https:\/\/www.tsyd.org.tr\/wp\/wp-content\/uploads\/2022\/05\/WhatsApp-Image-2022-05-24-at-13.02.30-1-681x323.jpeg 681w\" sizes=\"auto, (max-width: 939px) 100vw, 939px\" \/><\/a><a href=\"https:\/\/www.tsyd.org.tr\/wp\/wp-content\/uploads\/2022\/06\/TSYD-Izmir-3.jpg\"><img loading=\"lazy\" decoding=\"async\" class=\"alignnone size-full wp-image-21761\" src=\"https:\/\/www.tsyd.org.tr\/wp\/wp-content\/uploads\/2022\/06\/TSYD-Izmir-3.jpg\" alt=\"\" width=\"1018\" height=\"574\" srcset=\"https:\/\/www.tsyd.org.tr\/wp\/wp-content\/uploads\/2022\/06\/TSYD-Izmir-3.jpg 1018w, https:\/\/www.tsyd.org.tr\/wp\/wp-content\/uploads\/2022\/06\/TSYD-Izmir-3-300x169.jpg 300w, https:\/\/www.tsyd.org.tr\/wp\/wp-content\/uploads\/2022\/06\/TSYD-Izmir-3-768x433.jpg 768w, https:\/\/www.tsyd.org.tr\/wp\/wp-content\/uploads\/2022\/06\/TSYD-Izmir-3-745x420.jpg 745w, https:\/\/www.tsyd.org.tr\/wp\/wp-content\/uploads\/2022\/06\/TSYD-Izmir-3-640x361.jpg 640w, https:\/\/www.tsyd.org.tr\/wp\/wp-content\/uploads\/2022\/06\/TSYD-Izmir-3-681x384.jpg 681w\" sizes=\"auto, (max-width: 1018px) 100vw, 1018px\" \/><\/a><\/p>\n<p><a href=\"https:\/\/www.tsyd.org.tr\/wp\/wp-content\/uploads\/2022\/06\/WhatsApp-Image-2022-05-24-at-13.02.31.jpeg\"><img loading=\"lazy\" decoding=\"async\" class=\"alignnone size-full wp-image-21762\" src=\"https:\/\/www.tsyd.org.tr\/wp\/wp-content\/uploads\/2022\/06\/WhatsApp-Image-2022-05-24-at-13.02.31.jpeg\" alt=\"\" width=\"963\" height=\"553\" srcset=\"https:\/\/www.tsyd.org.tr\/wp\/wp-content\/uploads\/2022\/06\/WhatsApp-Image-2022-05-24-at-13.02.31.jpeg 963w, https:\/\/www.tsyd.org.tr\/wp\/wp-content\/uploads\/2022\/06\/WhatsApp-Image-2022-05-24-at-13.02.31-300x172.jpeg 300w, https:\/\/www.tsyd.org.tr\/wp\/wp-content\/uploads\/2022\/06\/WhatsApp-Image-2022-05-24-at-13.02.31-768x441.jpeg 768w, https:\/\/www.tsyd.org.tr\/wp\/wp-content\/uploads\/2022\/06\/WhatsApp-Image-2022-05-24-at-13.02.31-731x420.jpeg 731w, https:\/\/www.tsyd.org.tr\/wp\/wp-content\/uploads\/2022\/06\/WhatsApp-Image-2022-05-24-at-13.02.31-640x368.jpeg 640w, https:\/\/www.tsyd.org.tr\/wp\/wp-content\/uploads\/2022\/06\/WhatsApp-Image-2022-05-24-at-13.02.31-681x391.jpeg 681w\" sizes=\"auto, (max-width: 963px) 100vw, 963px\" \/><\/a><\/p>\n<p><a href=\"https:\/\/www.tsyd.org.tr\/wp\/wp-content\/uploads\/2022\/06\/285328010_10159111473864261_5029911453167422005_n.jpg\"><img loading=\"lazy\" decoding=\"async\" class=\"alignnone size-large wp-image-21687\" src=\"https:\/\/www.tsyd.org.tr\/wp\/wp-content\/uploads\/2022\/06\/285328010_10159111473864261_5029911453167422005_n-768x1024.jpg\" alt=\"\" width=\"640\" height=\"853\" srcset=\"https:\/\/www.tsyd.org.tr\/wp\/wp-content\/uploads\/2022\/06\/285328010_10159111473864261_5029911453167422005_n-768x1024.jpg 768w, https:\/\/www.tsyd.org.tr\/wp\/wp-content\/uploads\/2022\/06\/285328010_10159111473864261_5029911453167422005_n-225x300.jpg 225w, https:\/\/www.tsyd.org.tr\/wp\/wp-content\/uploads\/2022\/06\/285328010_10159111473864261_5029911453167422005_n-1152x1536.jpg 1152w, https:\/\/www.tsyd.org.tr\/wp\/wp-content\/uploads\/2022\/06\/285328010_10159111473864261_5029911453167422005_n-315x420.jpg 315w, https:\/\/www.tsyd.org.tr\/wp\/wp-content\/uploads\/2022\/06\/285328010_10159111473864261_5029911453167422005_n-640x853.jpg 640w, https:\/\/www.tsyd.org.tr\/wp\/wp-content\/uploads\/2022\/06\/285328010_10159111473864261_5029911453167422005_n-681x908.jpg 681w, https:\/\/www.tsyd.org.tr\/wp\/wp-content\/uploads\/2022\/06\/285328010_10159111473864261_5029911453167422005_n.jpg 1536w\" sizes=\"auto, (max-width: 640px) 100vw, 640px\" \/><\/a><\/p>\n<p><a href=\"https:\/\/www.tsyd.org.tr\/wp\/wp-content\/uploads\/2022\/06\/285343767_10159111474234261_7747984646974810736_n.jpg\"><img loading=\"lazy\" decoding=\"async\" class=\"alignnone size-large wp-image-21686\" src=\"https:\/\/www.tsyd.org.tr\/wp\/wp-content\/uploads\/2022\/06\/285343767_10159111474234261_7747984646974810736_n-1024x768.jpg\" alt=\"\" width=\"640\" height=\"480\" srcset=\"https:\/\/www.tsyd.org.tr\/wp\/wp-content\/uploads\/2022\/06\/285343767_10159111474234261_7747984646974810736_n-1024x768.jpg 1024w, https:\/\/www.tsyd.org.tr\/wp\/wp-content\/uploads\/2022\/06\/285343767_10159111474234261_7747984646974810736_n-300x225.jpg 300w, https:\/\/www.tsyd.org.tr\/wp\/wp-content\/uploads\/2022\/06\/285343767_10159111474234261_7747984646974810736_n-768x576.jpg 768w, https:\/\/www.tsyd.org.tr\/wp\/wp-content\/uploads\/2022\/06\/285343767_10159111474234261_7747984646974810736_n-1536x1152.jpg 1536w, https:\/\/www.tsyd.org.tr\/wp\/wp-content\/uploads\/2022\/06\/285343767_10159111474234261_7747984646974810736_n-560x420.jpg 560w, https:\/\/www.tsyd.org.tr\/wp\/wp-content\/uploads\/2022\/06\/285343767_10159111474234261_7747984646974810736_n-80x60.jpg 80w, https:\/\/www.tsyd.org.tr\/wp\/wp-content\/uploads\/2022\/06\/285343767_10159111474234261_7747984646974810736_n-100x75.jpg 100w, https:\/\/www.tsyd.org.tr\/wp\/wp-content\/uploads\/2022\/06\/285343767_10159111474234261_7747984646974810736_n-180x135.jpg 180w, https:\/\/www.tsyd.org.tr\/wp\/wp-content\/uploads\/2022\/06\/285343767_10159111474234261_7747984646974810736_n-238x178.jpg 238w, https:\/\/www.tsyd.org.tr\/wp\/wp-content\/uploads\/2022\/06\/285343767_10159111474234261_7747984646974810736_n-640x480.jpg 640w, https:\/\/www.tsyd.org.tr\/wp\/wp-content\/uploads\/2022\/06\/285343767_10159111474234261_7747984646974810736_n-681x511.jpg 681w, https:\/\/www.tsyd.org.tr\/wp\/wp-content\/uploads\/2022\/06\/285343767_10159111474234261_7747984646974810736_n.jpg 2048w\" sizes=\"auto, (max-width: 640px) 100vw, 640px\" \/><\/a><\/p>\n<p><a href=\"https:\/\/www.tsyd.org.tr\/wp\/wp-content\/uploads\/2022\/06\/TSYD-Izmir-4.jpg\"><img loading=\"lazy\" decoding=\"async\" class=\"alignnone size-full wp-image-21763\" src=\"https:\/\/www.tsyd.org.tr\/wp\/wp-content\/uploads\/2022\/06\/TSYD-Izmir-4.jpg\" alt=\"\" width=\"1020\" height=\"571\" srcset=\"https:\/\/www.tsyd.org.tr\/wp\/wp-content\/uploads\/2022\/06\/TSYD-Izmir-4.jpg 1020w, https:\/\/www.tsyd.org.tr\/wp\/wp-content\/uploads\/2022\/06\/TSYD-Izmir-4-300x168.jpg 300w, https:\/\/www.tsyd.org.tr\/wp\/wp-content\/uploads\/2022\/06\/TSYD-Izmir-4-768x430.jpg 768w, https:\/\/www.tsyd.org.tr\/wp\/wp-content\/uploads\/2022\/06\/TSYD-Izmir-4-750x420.jpg 750w, https:\/\/www.tsyd.org.tr\/wp\/wp-content\/uploads\/2022\/06\/TSYD-Izmir-4-640x358.jpg 640w, https:\/\/www.tsyd.org.tr\/wp\/wp-content\/uploads\/2022\/06\/TSYD-Izmir-4-681x381.jpg 681w\" sizes=\"auto, (max-width: 1020px) 100vw, 1020px\" \/><\/a><\/p>\n<p><a href=\"https:\/\/www.tsyd.org.tr\/wp\/wp-content\/uploads\/2022\/06\/TSYD-Izmir-5.jpg\"><img loading=\"lazy\" decoding=\"async\" class=\"alignnone size-full wp-image-21764\" src=\"https:\/\/www.tsyd.org.tr\/wp\/wp-content\/uploads\/2022\/06\/TSYD-Izmir-5.jpg\" alt=\"\" width=\"1019\" height=\"563\" srcset=\"https:\/\/www.tsyd.org.tr\/wp\/wp-content\/uploads\/2022\/06\/TSYD-Izmir-5.jpg 1019w, https:\/\/www.tsyd.org.tr\/wp\/wp-content\/uploads\/2022\/06\/TSYD-Izmir-5-300x166.jpg 300w, https:\/\/www.tsyd.org.tr\/wp\/wp-content\/uploads\/2022\/06\/TSYD-Izmir-5-768x424.jpg 768w, https:\/\/www.tsyd.org.tr\/wp\/wp-content\/uploads\/2022\/06\/TSYD-Izmir-5-760x420.jpg 760w, https:\/\/www.tsyd.org.tr\/wp\/wp-content\/uploads\/2022\/06\/TSYD-Izmir-5-640x354.jpg 640w, https:\/\/www.tsyd.org.tr\/wp\/wp-content\/uploads\/2022\/06\/TSYD-Izmir-5-681x376.jpg 681w\" sizes=\"auto, (max-width: 1019px) 100vw, 1019px\" \/><\/a><\/p>\n<p><a href=\"https:\/\/www.tsyd.org.tr\/wp\/wp-content\/uploads\/2023\/03\/8.jpg\"><img loading=\"lazy\" decoding=\"async\" class=\"alignnone size-full wp-image-22401\" src=\"https:\/\/www.tsyd.org.tr\/wp\/wp-content\/uploads\/2023\/03\/8.jpg\" alt=\"\" width=\"1024\" height=\"576\" \/><\/a><\/p>\n<p><a href=\"https:\/\/www.tsyd.org.tr\/wp\/wp-content\/uploads\/2023\/03\/9.jpg\"><img loading=\"lazy\" decoding=\"async\" class=\"alignnone  wp-image-22402\" src=\"https:\/\/www.tsyd.org.tr\/wp\/wp-content\/uploads\/2023\/03\/9.jpg\" alt=\"\" width=\"641\" height=\"361\" \/><\/a><\/p>\n<p><a href=\"https:\/\/www.tsyd.org.tr\/wp\/wp-content\/uploads\/2023\/03\/10.jpg\"><img loading=\"lazy\" decoding=\"async\" class=\"alignnone  wp-image-22403\" src=\"https:\/\/www.tsyd.org.tr\/wp\/wp-content\/uploads\/2023\/03\/10.jpg\" alt=\"\" width=\"637\" height=\"359\" \/><\/a><\/p>\n<p><a href=\"https:\/\/www.tsyd.org.tr\/wp\/wp-content\/uploads\/2023\/03\/11.jpg\"><img loading=\"lazy\" decoding=\"async\" class=\"alignnone  wp-image-22404\" src=\"https:\/\/www.tsyd.org.tr\/wp\/wp-content\/uploads\/2023\/03\/11.jpg\" alt=\"\" width=\"485\" height=\"633\" \/><\/a><\/p>\n","protected":false},"excerpt":{"rendered":"","protected":false},"author":1,"featured_media":0,"parent":8657,"menu_order":0,"comment_status":"closed","ping_status":"closed","template":"","meta":{"footnotes":""},"class_list":["post-8692","page","type-page","status-publish","hentry"],"acf":[],"_links":{"self":[{"href":"https:\/\/www.tsyd.org.tr\/wp\/index.php?rest_route=\/wp\/v2\/pages\/8692","targetHints":{"allow":["GET"]}}],"collection":[{"href":"https:\/\/www.tsyd.org.tr\/wp\/index.php?rest_route=\/wp\/v2\/pages"}],"about":[{"href":"https:\/\/www.tsyd.org.tr\/wp\/index.php?rest_route=\/wp\/v2\/types\/page"}],"author":[{"embeddable":true,"href":"https:\/\/www.tsyd.org.tr\/wp\/index.php?rest_route=\/wp\/v2\/users\/1"}],"replies":[{"embeddable":true,"href":"https:\/\/www.tsyd.org.tr\/wp\/index.php?rest_route=%2Fwp%2Fv2%2Fcomments&post=8692"}],"version-history":[{"count":6,"href":"https:\/\/www.tsyd.org.tr\/wp\/index.php?rest_route=\/wp\/v2\/pages\/8692\/revisions"}],"predecessor-version":[{"id":22405,"href":"https:\/\/www.tsyd.org.tr\/wp\/index.php?rest_route=\/wp\/v2\/pages\/8692\/revisions\/22405"}],"up":[{"embeddable":true,"href":"https:\/\/www.tsyd.org.tr\/wp\/index.php?rest_route=\/wp\/v2\/pages\/8657"}],"wp:attachment":[{"href":"https:\/\/www.tsyd.org.tr\/wp\/index.php?rest_route=%2Fwp%2Fv2%2Fmedia&parent=8692"}],"curies":[{"name":"wp","href":"https:\/\/api.w.org\/{rel}","templated":true}]}}