{"id":8700,"date":"2013-05-20T01:24:07","date_gmt":"2013-05-19T22:24:07","guid":{"rendered":"http:\/\/www.tsyd.org.tr\/wp\/?page_id=8700"},"modified":"2016-05-25T10:35:48","modified_gmt":"2016-05-25T07:35:48","slug":"tsyd-kupalari","status":"publish","type":"page","link":"https:\/\/www.tsyd.org.tr\/wp\/?page_id=8700","title":{"rendered":"TSYD KUPALARI"},"content":{"rendered":"<div id=\"random-accordion-id-872\">\n<h3 id=\"title1-0\"><a href=\"#title1-0\">\u0130STANBUL TSYD KUPASI<\/a><\/h3>\n<div>\n<table border=\"1\" width=\"262\" cellspacing=\"0\" cellpadding=\"2\">\n<tbody>\n<tr>\n<td valign=\"top\" width=\"53\">1963<\/td>\n<td valign=\"top\" width=\"198\">GALATASARAY<\/td>\n<\/tr>\n<tr>\n<td valign=\"top\">1964<\/td>\n<td valign=\"top\">BE\u015e\u0130KTA\u015e<\/td>\n<\/tr>\n<tr>\n<td valign=\"top\">1965<\/td>\n<td valign=\"top\">BE\u015e\u0130KTA\u015e<\/td>\n<\/tr>\n<tr>\n<td valign=\"top\">1966<\/td>\n<td valign=\"top\">GALATASARAY<\/td>\n<\/tr>\n<tr>\n<td valign=\"top\">1967<\/td>\n<td valign=\"top\">GALATASARAY<\/td>\n<\/tr>\n<tr>\n<td valign=\"top\">1968<\/td>\n<td valign=\"top\">YAPILMADI<\/td>\n<\/tr>\n<tr>\n<td valign=\"top\">1969<\/td>\n<td valign=\"top\">FENERBAH\u00c7E<\/td>\n<\/tr>\n<tr>\n<td valign=\"top\">1970<\/td>\n<td valign=\"top\">GALATASARAY<\/td>\n<\/tr>\n<tr>\n<td valign=\"top\">1971<\/td>\n<td valign=\"top\">BE\u015e\u0130KTA\u015e<\/td>\n<\/tr>\n<tr>\n<td valign=\"top\">1972<\/td>\n<td valign=\"top\">BE\u015e\u0130KTA\u015e<\/td>\n<\/tr>\n<tr>\n<td valign=\"top\">1973<\/td>\n<td valign=\"top\">FENERBAH\u00c7E<\/td>\n<\/tr>\n<tr>\n<td valign=\"top\">1974<\/td>\n<td valign=\"top\">BE\u015e\u0130KTA\u015e<\/td>\n<\/tr>\n<tr>\n<td valign=\"top\">1975<\/td>\n<td valign=\"top\">FENERBAH\u00c7E<\/td>\n<\/tr>\n<tr>\n<td valign=\"top\">1976<\/td>\n<td valign=\"top\">FENERBAH\u00c7E<\/td>\n<\/tr>\n<tr>\n<td valign=\"top\">1977<\/td>\n<td valign=\"top\">GALATASARAY<\/td>\n<\/tr>\n<tr>\n<td valign=\"top\">1978<\/td>\n<td valign=\"top\">FENERBAH\u00c7E<\/td>\n<\/tr>\n<tr>\n<td valign=\"top\">1979<\/td>\n<td valign=\"top\">FENERBAH\u00c7E<\/td>\n<\/tr>\n<tr>\n<td valign=\"top\">1980<\/td>\n<td valign=\"top\">FENERBAH\u00c7E<\/td>\n<\/tr>\n<tr>\n<td valign=\"top\">1981<\/td>\n<td valign=\"top\">GALATASARAY<\/td>\n<\/tr>\n<tr>\n<td valign=\"top\">1982<\/td>\n<td valign=\"top\">FENERBAH\u00c7E<\/td>\n<\/tr>\n<tr>\n<td valign=\"top\">1983<\/td>\n<td valign=\"top\">BE\u015e\u0130KTA\u015e<\/td>\n<\/tr>\n<tr>\n<td valign=\"top\">1984<\/td>\n<td valign=\"top\">BE\u015e\u0130KTA\u015e<\/td>\n<\/tr>\n<tr>\n<td valign=\"top\">1985<\/td>\n<td valign=\"top\">FENERBAH\u00c7E<\/td>\n<\/tr>\n<tr>\n<td valign=\"top\">1986<\/td>\n<td valign=\"top\">FENERBAH\u00c7E<\/td>\n<\/tr>\n<tr>\n<td valign=\"top\">1987<\/td>\n<td valign=\"top\">GALATASARAY<\/td>\n<\/tr>\n<tr>\n<td valign=\"top\">1988<\/td>\n<td valign=\"top\">BE\u015e\u0130KTA\u015e<\/td>\n<\/tr>\n<tr>\n<td valign=\"top\">1989<\/td>\n<td valign=\"top\">BE\u015e\u0130KTA\u015e<\/td>\n<\/tr>\n<tr>\n<td valign=\"top\">1990<\/td>\n<td valign=\"top\">BE\u015e\u0130KTA\u015e<\/td>\n<\/tr>\n<tr>\n<td valign=\"top\">1991<\/td>\n<td valign=\"top\">GALATASARAY<\/td>\n<\/tr>\n<tr>\n<td valign=\"top\">1992<\/td>\n<td valign=\"top\">GALATASARAY<\/td>\n<\/tr>\n<tr>\n<td valign=\"top\">1993<\/td>\n<td valign=\"top\">BE\u015e\u0130KTA\u015e<\/td>\n<\/tr>\n<tr>\n<td valign=\"top\">1994<\/td>\n<td valign=\"top\">FENERBAH\u00c7E<\/td>\n<\/tr>\n<tr>\n<td valign=\"top\">1995<\/td>\n<td valign=\"top\">FENERBAH\u00c7E<\/td>\n<\/tr>\n<tr>\n<td valign=\"top\">1996<\/td>\n<td valign=\"top\">BE\u015e\u0130KTA\u015e<\/td>\n<\/tr>\n<tr>\n<td valign=\"top\">1997<\/td>\n<td valign=\"top\">GALATASARAY<\/td>\n<\/tr>\n<tr>\n<td valign=\"top\">1998<\/td>\n<td valign=\"top\">GALATASARAY<\/td>\n<\/tr>\n<tr>\n<td valign=\"top\">1999<\/td>\n<td valign=\"top\">GALATASARAY<\/td>\n<\/tr>\n<tr>\n<td valign=\"top\">2000<\/td>\n<td valign=\"top\">YAPILMADI<\/td>\n<\/tr>\n<tr>\n<td valign=\"top\">2001<\/td>\n<td valign=\"top\">YAPILMADI<\/td>\n<\/tr>\n<tr>\n<td valign=\"top\">2002<\/td>\n<td valign=\"top\">YAPILMADI<\/td>\n<\/tr>\n<tr>\n<td valign=\"top\">2003<\/td>\n<td valign=\"top\">YAPILMADI<\/td>\n<\/tr>\n<tr>\n<td valign=\"top\">2004<\/td>\n<td valign=\"top\">YAPILMADI<\/td>\n<\/tr>\n<tr>\n<td valign=\"top\">2005<\/td>\n<td valign=\"top\">YAPILMADI<\/td>\n<\/tr>\n<tr>\n<td valign=\"top\">2006<\/td>\n<td valign=\"top\">YAPILMADI<\/td>\n<\/tr>\n<tr>\n<td valign=\"top\">2007<\/td>\n<td valign=\"top\">YAPILMADI<\/td>\n<\/tr>\n<tr>\n<td valign=\"top\">2008<\/td>\n<td valign=\"top\">YAPILMADI<\/td>\n<\/tr>\n<tr>\n<td valign=\"top\">2009<\/td>\n<td valign=\"top\">YAPILMADI<\/td>\n<\/tr>\n<tr>\n<td valign=\"top\">2010<\/td>\n<td valign=\"top\">YAPILMADI<\/td>\n<\/tr>\n<\/tbody>\n<\/table>\n<p><a style=\"font-size: 1.17em;\" href=\"#title2-1\">title2<\/a><\/p>\n<\/div>\n<div>\n<p>Some Text<\/p>\n<p>Some Text<\/p>\n<p>Some Text<\/p>\n<p>Some Text<\/p>\n<p>Some Text<\/p>\n<p>Some Text<\/p>\n<p>Some Text<\/p>\n<p>Some Text<\/p>\n<p>&nbsp;<\/p>\n<\/div>\n<\/div>\n","protected":false},"excerpt":{"rendered":"<p>\u0130STANBUL TSYD KUPASI 1963 GALATASARAY 1964 BE\u015e\u0130KTA\u015e 1965 BE\u015e\u0130KTA\u015e 1966 GALATASARAY 1967 GALATASARAY 1968 YAPILMADI 1969 FENERBAH\u00c7E 1970 GALATASARAY 1971 BE\u015e\u0130KTA\u015e 1972 BE\u015e\u0130KTA\u015e 1973 FENERBAH\u00c7E 1974 BE\u015e\u0130KTA\u015e 1975 FENERBAH\u00c7E 1976 FENERBAH\u00c7E 1977 GALATASARAY 1978 FENERBAH\u00c7E 1979 FENERBAH\u00c7E 1980 FENERBAH\u00c7E 1981 GALATASARAY 1982 FENERBAH\u00c7E 1983 BE\u015e\u0130KTA\u015e 1984 BE\u015e\u0130KTA\u015e 1985 FENERBAH\u00c7E 1986 FENERBAH\u00c7E 1987 GALATASARAY 1988 BE\u015e\u0130KTA\u015e [&hellip;]<\/p>\n","protected":false},"author":1,"featured_media":0,"parent":0,"menu_order":0,"comment_status":"closed","ping_status":"closed","template":"","meta":{"footnotes":""},"class_list":["post-8700","page","type-page","status-publish","hentry"],"acf":[],"_links":{"self":[{"href":"https:\/\/www.tsyd.org.tr\/wp\/index.php?rest_route=\/wp\/v2\/pages\/8700","targetHints":{"allow":["GET"]}}],"collection":[{"href":"https:\/\/www.tsyd.org.tr\/wp\/index.php?rest_route=\/wp\/v2\/pages"}],"about":[{"href":"https:\/\/www.tsyd.org.tr\/wp\/index.php?rest_route=\/wp\/v2\/types\/page"}],"author":[{"embeddable":true,"href":"https:\/\/www.tsyd.org.tr\/wp\/index.php?rest_route=\/wp\/v2\/users\/1"}],"replies":[{"embeddable":true,"href":"https:\/\/www.tsyd.org.tr\/wp\/index.php?rest_route=%2Fwp%2Fv2%2Fcomments&post=8700"}],"version-history":[{"count":1,"href":"https:\/\/www.tsyd.org.tr\/wp\/index.php?rest_route=\/wp\/v2\/pages\/8700\/revisions"}],"predecessor-version":[{"id":13221,"href":"https:\/\/www.tsyd.org.tr\/wp\/index.php?rest_route=\/wp\/v2\/pages\/8700\/revisions\/13221"}],"wp:attachment":[{"href":"https:\/\/www.tsyd.org.tr\/wp\/index.php?rest_route=%2Fwp%2Fv2%2Fmedia&parent=8700"}],"curies":[{"name":"wp","href":"https:\/\/api.w.org\/{rel}","templated":true}]}}