{"id":9214,"date":"2013-06-04T02:58:21","date_gmt":"2013-06-03T23:58:21","guid":{"rendered":"http:\/\/www.tsyd.org.tr\/wp\/?page_id=9214"},"modified":"2025-07-04T14:46:46","modified_gmt":"2025-07-04T11:46:46","slug":"iletisim","status":"publish","type":"page","link":"https:\/\/www.tsyd.org.tr\/wp\/?page_id=9214","title":{"rendered":"\u0130LET\u0130\u015e\u0130M"},"content":{"rendered":"<p>[vc_row][vc_column][vc_single_image image=&#8221;19875&#8243; img_size=&#8221;medium&#8221; alignment=&#8221;center&#8221;][vc_row_inner][vc_column_inner width=&#8221;1\/4&#8243;][\/vc_column_inner][vc_column_inner width=&#8221;1\/4&#8243;][vc_single_image image=&#8221;9215&#8243; img_size=&#8221;full&#8221;][\/vc_column_inner][vc_column_inner width=&#8221;1\/4&#8243;][vc_column_text]<\/p>\n<p style=\"text-align: left;\" align=\"center\"><b>GENEL MERKEZ<\/b><\/p>\n<p style=\"text-align: left;\" align=\"center\">Aips, \u00dcyelik, Akreditasyon ve Ba\u015fvurular\u0131, Y\u00f6netim Kurulu<\/p>\n<p><strong>Tel<\/strong>\u00a0: +90 212 270 5959<br \/>\n<b>Faks<\/b>:+90 212 270 5962<b><br \/>\nE-posta<\/b>:\u00a0<a href=\"mailto:tsyd@tsyd.org.tr\">tsyd<\/a><a title=\"Elektronik posta atmak i\u00e7in t\u0131klay\u0131n\u0131z.\" href=\"mailto:tsyd@tsyd.org.tr\">@tsyd.org.tr<\/a>[\/vc_column_text][vc_btn title=&#8221;3D GEZ&#8221; color=&#8221;danger&#8221; align=&#8221;center&#8221; link=&#8221;url:https%3A%2F%2Fwww.humagis.com%2Ftsyd%2Fapp%2F|||&#8221;][\/vc_column_inner][vc_column_inner width=&#8221;1\/4&#8243;][\/vc_column_inner][\/vc_row_inner][vc_row_inner][vc_column_inner width=&#8221;1\/4&#8243;][vc_column_text]<strong>Yaz Okulu, K\u0131\u015f Okulu, Yeti\u015fkinler Y\u00fczme Kursu<\/strong><\/p>\n<p><b>Tel<\/b> : 0538 096 60 32<br \/>\n<b>Adres<\/b>:<b>\u00a0<\/b>Levent Cad. No:51 1.Levent \u00a0\u0130STANBUL\/T\u00dcRK\u0130YE[\/vc_column_text][\/vc_column_inner][vc_column_inner width=&#8221;1\/4&#8243;][vc_column_text]<strong>TSYD\u00a0Havuz Giri\u015fi<br \/>\n<\/strong>0212 325 78 71-72 Dahili 308<\/p>\n<p><strong>F\u0131tness Salonu<br \/>\n<\/strong>0212 325 78 71-72 Dahili 305[\/vc_column_text][\/vc_column_inner][vc_column_inner width=&#8221;1\/4&#8243;][vc_column_text]<strong>Tenis<br \/>\n<\/strong>0212 284 45 74<\/p>\n<p>0530 545 69 65<\/p>\n<p><strong>Sauna ve Hamam<br \/>\n<\/strong>0212 282 79 00[\/vc_column_text][\/vc_column_inner][\/vc_row_inner][\/vc_column][\/vc_row][vc_row][vc_column][vc_column_text]<\/p>\n<p style=\"text-align: center;\"><strong>T\u00dcRK\u0130YE SPOR YAZARLARI DERNE\u011e\u0130 \u015eUBELER\u0130<\/strong><\/p>\n<p>[\/vc_column_text][\/vc_column][\/vc_row][vc_row][vc_column width=&#8221;1\/4&#8243;][vc_column_text]<b>ADANA \u015eUBES\u0130<\/b><\/p>\n<p><strong>Adres:<\/strong> Re\u015fatbey Mah.Fuzuli Cad.Merkez Park\u0131 \u0130\u00e7i Sinanpa\u015fa Asma K\u00f6pr\u00fcs\u00fc Aya\u011f\u0131 No:10\/B ADANA[\/vc_column_text][\/vc_column][vc_column width=&#8221;1\/4&#8243;][vc_column_text]<b>ANKARA \u015eUBES\u0130<\/b><\/p>\n<p><strong>Tel:<\/strong><br \/>\n<strong>Fax:<\/strong><br \/>\n<strong>Adres: Hac\u0131 Bayram Mahallesi Atat\u00fcrk Bulvar\u0131 Gen\u00e7lik Park\u0131 i\u00e7i 14\/28 Alt\u0131nda\u011f Ulus Ankara<\/strong>[\/vc_column_text][\/vc_column][vc_column width=&#8221;1\/4&#8243;][vc_column_text]<b>ANTALYA \u015eUBES\u0130<\/b><\/p>\n<p><strong>Tel:<\/strong>\u00a0+90 0242 228 28 29<br \/>\n<strong>Fax :\u00a0<\/strong>+90 224 221 47 58<br \/>\n<strong>Adres:\u00a0<\/strong>Meltem Mah.\u0130smail Baha S\u00fcrelsan Cd.\u00a0\u00a0Antalya Stadyumu 25 nolu Bas\u0131n Giri\u015fi Blok No:14\u00a0Muratpa\u015fa \/ Antalya[\/vc_column_text][\/vc_column][vc_column width=&#8221;1\/4&#8243;][vc_column_text]<b>BURSA \u015eUBES\u0130<\/b><\/p>\n<p><strong>Tel:\u00a0<\/strong>+90 224 221 01 15<br \/>\n<strong>Adres:<\/strong>\u00a0Ertu\u011frul Mah. Ahmet Taner K\u0131\u015flal\u0131 Bulvar\u0131 141 Sok. N:7 Nil\u00fcfer \/ Bursa[\/vc_column_text][\/vc_column][\/vc_row][vc_row][vc_column][vc_empty_space][\/vc_column][\/vc_row][vc_row][vc_column width=&#8221;1\/4&#8243;][vc_column_text]<b>\u0130ZM\u0130R \u015eUBES\u0130<\/b><\/p>\n<p><b>Tel:\u00a0<\/b>0533 745 56 53<br \/>\n<b>Adres:<\/b> Alsancak Mustafa Denizli Stad\u0131 Umurbey Mh. 1491 Sk. No:2-2\/6 Kat:3 Konak \u0130zmir<\/p>\n<p><strong>Urla Tesis:\u00a0<\/strong><\/p>\n<p><strong>Tel:<\/strong> 0533 745 56 53<br \/>\n<strong>Adres:\u00a0<\/strong>Yenikent Mahallesi Orkide Sokak No:2 Urla-\u0130zmir[\/vc_column_text][\/vc_column][vc_column width=&#8221;1\/4&#8243;][vc_column_text]<b>KONYA \u015eUBES\u0130<\/b><\/p>\n<p><b>Tel:<\/b>\u00a0+90 332 321 22 24<br \/>\n<strong>Adres:<\/strong><i><em>\u015eeyh Sadrettin Mah. Alay Cad. No:31 Meram Konya<\/em><\/i>[\/vc_column_text][\/vc_column][vc_column width=&#8221;1\/4&#8243;][vc_column_text]<b>TRABZON \u015eUBES\u0130<\/b><b><br \/>\n<\/b><br \/>\n<strong>Tel:<\/strong>\u00a0+90 0462 323 33 38<br \/>\n<strong>Adres:<\/strong>\u00a0Be\u015firli \u00c7ok Ama\u00e7l\u0131 Spor Salonu 2 Nolu Be\u015firli Mah. Devlet Sahil Yolu Cad. Ortahisar Trabzon[\/vc_column_text][\/vc_column][vc_column width=&#8221;1\/4&#8243;][vc_column_text]<b>S\u0130VAS \u015eUBES\u0130<\/b><\/p>\n<p><strong>Adres:<\/strong>\u00a0G\u00fcltepe Mah. Maqam Ofis Sitesi B Blok No:9\/902 Sivas[\/vc_column_text][\/vc_column][\/vc_row]<\/p>\n","protected":false},"excerpt":{"rendered":"<p>[vc_row][vc_column][vc_single_image image=&#8221;19875&#8243; img_size=&#8221;medium&#8221; alignment=&#8221;center&#8221;][vc_row_inner][vc_column_inner width=&#8221;1\/4&#8243;][\/vc_column_inner][vc_column_inner width=&#8221;1\/4&#8243;][vc_single_image image=&#8221;9215&#8243; img_size=&#8221;full&#8221;][\/vc_column_inner][vc_column_inner width=&#8221;1\/4&#8243;][vc_column_text] GENEL MERKEZ Aips, \u00dcyelik, Akreditasyon ve Ba\u015fvurular\u0131, Y\u00f6netim Kurulu Tel\u00a0: +90 212 270 5959 Faks:+90 212 270 5962 E-posta:\u00a0tsyd@tsyd.org.tr[\/vc_column_text][vc_btn title=&#8221;3D GEZ&#8221; color=&#8221;danger&#8221; align=&#8221;center&#8221; link=&#8221;url:https%3A%2F%2Fwww.humagis.com%2Ftsyd%2Fapp%2F|||&#8221;][\/vc_column_inner][vc_column_inner width=&#8221;1\/4&#8243;][\/vc_column_inner][\/vc_row_inner][vc_row_inner][vc_column_inner width=&#8221;1\/4&#8243;][vc_column_text]Yaz Okulu, K\u0131\u015f Okulu, Yeti\u015fkinler Y\u00fczme Kursu Tel : 0538 096 60 32 Adres:\u00a0Levent Cad. No:51 1.Levent \u00a0\u0130STANBUL\/T\u00dcRK\u0130YE[\/vc_column_text][\/vc_column_inner][vc_column_inner width=&#8221;1\/4&#8243;][vc_column_text]TSYD\u00a0Havuz Giri\u015fi 0212 [&hellip;]<\/p>\n","protected":false},"author":1,"featured_media":0,"parent":0,"menu_order":0,"comment_status":"closed","ping_status":"closed","template":"","meta":{"footnotes":""},"class_list":["post-9214","page","type-page","status-publish","hentry"],"acf":[],"_links":{"self":[{"href":"https:\/\/www.tsyd.org.tr\/wp\/index.php?rest_route=\/wp\/v2\/pages\/9214","targetHints":{"allow":["GET"]}}],"collection":[{"href":"https:\/\/www.tsyd.org.tr\/wp\/index.php?rest_route=\/wp\/v2\/pages"}],"about":[{"href":"https:\/\/www.tsyd.org.tr\/wp\/index.php?rest_route=\/wp\/v2\/types\/page"}],"author":[{"embeddable":true,"href":"https:\/\/www.tsyd.org.tr\/wp\/index.php?rest_route=\/wp\/v2\/users\/1"}],"replies":[{"embeddable":true,"href":"https:\/\/www.tsyd.org.tr\/wp\/index.php?rest_route=%2Fwp%2Fv2%2Fcomments&post=9214"}],"version-history":[{"count":27,"href":"https:\/\/www.tsyd.org.tr\/wp\/index.php?rest_route=\/wp\/v2\/pages\/9214\/revisions"}],"predecessor-version":[{"id":24066,"href":"https:\/\/www.tsyd.org.tr\/wp\/index.php?rest_route=\/wp\/v2\/pages\/9214\/revisions\/24066"}],"wp:attachment":[{"href":"https:\/\/www.tsyd.org.tr\/wp\/index.php?rest_route=%2Fwp%2Fv2%2Fmedia&parent=9214"}],"curies":[{"name":"wp","href":"https:\/\/api.w.org\/{rel}","templated":true}]}}